{"id":2480,"date":"2022-02-07T18:45:01","date_gmt":"2022-02-07T17:45:01","guid":{"rendered":"https:\/\/devapps.avecnous.eu\/?post_type=product&#038;p=2480"},"modified":"2025-08-20T10:16:29","modified_gmt":"2025-08-20T08:16:29","slug":"civicrm-npai","status":"publish","type":"product","link":"https:\/\/devapps.avecnous.eu\/en\/boutique\/connecteurs-wordpress-woocommerce\/civicrm-npai\/","title":{"rendered":"[bient\u00f4t] CiviCRM NPAI"},"content":{"rendered":"<p><strong>SOON AVAILABLE<\/strong><\/p>\n<p>Detailed management of incorrect addresses in CiviCRM.<\/p>\n<p>Error level management, reset<\/p>\n<p>barcode generation on addresses<\/p>","protected":false},"excerpt":{"rendered":"<p>COMING SOON Detailed management of incorrect addresses in CiviCRM. Management of error levels, resetting barcode generation on addresses.<\/p>","protected":false},"featured_media":5818,"comment_status":"open","ping_status":"closed","template":"","meta":{"_eb_attr":""},"product_brand":[130,138],"product_cat":[68],"product_tag":[90],"personalizer_persona":[],"class_list":{"0":"post-2480","1":"product","2":"type-product","3":"status-publish","4":"has-post-thumbnail","6":"product_brand-civicrm","7":"product_brand-wordpress","8":"product_cat-connecteurs-wordpress-woocommerce","9":"product_tag-gratuit","11":"first","12":"instock","13":"downloadable","14":"virtual","15":"taxable","16":"purchasable","17":"product-type-simple","18":"nyp-product"},"yoast_head":"<!-- This site is optimized with the Yoast SEO plugin v27.5 - https:\/\/yoast.com\/product\/yoast-seo-wordpress\/ -->\n<title>[bient\u00f4t] CiviCRM NPAI | Apps NOUS<\/title>\n<meta name=\"robots\" content=\"noindex, follow, max-snippet:-1, max-image-preview:large, max-video-preview:-1\" \/>\n<meta property=\"og:locale\" content=\"en_GB\" \/>\n<meta property=\"og:type\" content=\"article\" \/>\n<meta property=\"og:title\" content=\"[bient\u00f4t] CiviCRM NPAI | Apps NOUS\" \/>\n<meta property=\"og:description\" content=\"BIENT\u00d4T DISPONIBLE Gestion fine des adresses en erreur dans CiviCRM. Gestion de niveaux d&rsquo;erreur, remise \u00e0 z\u00e9ro g\u00e9n\u00e9ration de codes barre sur les adresses\" \/>\n<meta property=\"og:url\" content=\"https:\/\/devapps.avecnous.eu\/en\/boutique\/connecteurs-wordpress-woocommerce\/civicrm-npai\/\" \/>\n<meta property=\"og:site_name\" content=\"Preprod Apps\" \/>\n<meta property=\"article:modified_time\" content=\"2025-08-20T08:16:29+00:00\" \/>\n<meta property=\"og:image\" content=\"https:\/\/devapps.avecnous.eu\/wp-content\/uploads\/sites\/26\/2022\/02\/img-produit-civicrmnpai.png\" \/>\n\t<meta property=\"og:image:width\" content=\"512\" \/>\n\t<meta property=\"og:image:height\" content=\"512\" \/>\n\t<meta property=\"og:image:type\" content=\"image\/png\" \/>\n<meta name=\"twitter:card\" content=\"summary_large_image\" \/>\n<meta name=\"twitter:label1\" content=\"Estimated reading time\" \/>\n\t<meta name=\"twitter:data1\" content=\"1 minute\" \/>\n<script type=\"application\/ld+json\" class=\"yoast-schema-graph\">{\"@context\":\"https:\\\/\\\/schema.org\",\"@graph\":[{\"@type\":\"WebPage\",\"@id\":\"https:\\\/\\\/devapps.avecnous.eu\\\/boutique\\\/connecteurs-wordpress-woocommerce\\\/civicrm-npai\\\/\",\"url\":\"https:\\\/\\\/devapps.avecnous.eu\\\/boutique\\\/connecteurs-wordpress-woocommerce\\\/civicrm-npai\\\/\",\"name\":\"[bient\u00f4t] CiviCRM NPAI | Apps NOUS\",\"isPartOf\":{\"@id\":\"https:\\\/\\\/devapps.avecnous.eu\\\/#website\"},\"primaryImageOfPage\":{\"@id\":\"https:\\\/\\\/devapps.avecnous.eu\\\/boutique\\\/connecteurs-wordpress-woocommerce\\\/civicrm-npai\\\/#primaryimage\"},\"image\":{\"@id\":\"https:\\\/\\\/devapps.avecnous.eu\\\/boutique\\\/connecteurs-wordpress-woocommerce\\\/civicrm-npai\\\/#primaryimage\"},\"thumbnailUrl\":\"https:\\\/\\\/devapps.avecnous.eu\\\/wp-content\\\/uploads\\\/sites\\\/26\\\/2022\\\/02\\\/img-produit-civicrmnpai.png\",\"datePublished\":\"2022-02-07T17:45:01+00:00\",\"dateModified\":\"2025-08-20T08:16:29+00:00\",\"breadcrumb\":{\"@id\":\"https:\\\/\\\/devapps.avecnous.eu\\\/boutique\\\/connecteurs-wordpress-woocommerce\\\/civicrm-npai\\\/#breadcrumb\"},\"inLanguage\":\"en-GB\",\"potentialAction\":[{\"@type\":\"ReadAction\",\"target\":[\"https:\\\/\\\/devapps.avecnous.eu\\\/boutique\\\/connecteurs-wordpress-woocommerce\\\/civicrm-npai\\\/\"]}]},{\"@type\":\"ImageObject\",\"inLanguage\":\"en-GB\",\"@id\":\"https:\\\/\\\/devapps.avecnous.eu\\\/boutique\\\/connecteurs-wordpress-woocommerce\\\/civicrm-npai\\\/#primaryimage\",\"url\":\"https:\\\/\\\/devapps.avecnous.eu\\\/wp-content\\\/uploads\\\/sites\\\/26\\\/2022\\\/02\\\/img-produit-civicrmnpai.png\",\"contentUrl\":\"https:\\\/\\\/devapps.avecnous.eu\\\/wp-content\\\/uploads\\\/sites\\\/26\\\/2022\\\/02\\\/img-produit-civicrmnpai.png\",\"width\":512,\"height\":512,\"caption\":\"Image produit CiviCRM NPAI\"},{\"@type\":\"BreadcrumbList\",\"@id\":\"https:\\\/\\\/devapps.avecnous.eu\\\/boutique\\\/connecteurs-wordpress-woocommerce\\\/civicrm-npai\\\/#breadcrumb\",\"itemListElement\":[{\"@type\":\"ListItem\",\"position\":1,\"name\":\"Home\",\"item\":\"https:\\\/\\\/devapps.avecnous.eu\\\/\"},{\"@type\":\"ListItem\",\"position\":2,\"name\":\"Toutes nos extensions WordPress et WooCommerce\",\"item\":\"https:\\\/\\\/devapps.avecnous.eu\\\/boutique\\\/\"},{\"@type\":\"ListItem\",\"position\":3,\"name\":\"Connecteurs\",\"item\":\"https:\\\/\\\/devapps.avecnous.eu\\\/categorie-produit\\\/connecteurs-wordpress-woocommerce\\\/\"},{\"@type\":\"ListItem\",\"position\":4,\"name\":\"[bient\u00f4t] CiviCRM NPAI\"}]},{\"@type\":\"WebSite\",\"@id\":\"https:\\\/\\\/devapps.avecnous.eu\\\/#website\",\"url\":\"https:\\\/\\\/devapps.avecnous.eu\\\/\",\"name\":\"Apps by N.O.U.S.\",\"description\":\"Nous Ouvert, Utile &amp; Simple, d\u00e9veloppe des extensions gratuites et premium pour WordPress et Woocommerce avec un engagement de livrer un code de qualit\u00e9 et respectueux de l&#039;environnement.\",\"publisher\":{\"@id\":\"https:\\\/\\\/devapps.avecnous.eu\\\/#organization\"},\"alternateName\":\"Apps NOUS\",\"potentialAction\":[{\"@type\":\"SearchAction\",\"target\":{\"@type\":\"EntryPoint\",\"urlTemplate\":\"https:\\\/\\\/devapps.avecnous.eu\\\/?s={search_term_string}\"},\"query-input\":{\"@type\":\"PropertyValueSpecification\",\"valueRequired\":true,\"valueName\":\"search_term_string\"}}],\"inLanguage\":\"en-GB\"},{\"@type\":\"Organization\",\"@id\":\"https:\\\/\\\/devapps.avecnous.eu\\\/#organization\",\"name\":\"Apps by N.O.U.S.\",\"url\":\"https:\\\/\\\/devapps.avecnous.eu\\\/\",\"logo\":{\"@type\":\"ImageObject\",\"inLanguage\":\"en-GB\",\"@id\":\"https:\\\/\\\/devapps.avecnous.eu\\\/#\\\/schema\\\/logo\\\/image\\\/\",\"url\":\"https:\\\/\\\/devapps.avecnous.eu\\\/wp-content\\\/uploads\\\/sites\\\/26\\\/2025\\\/07\\\/Logo_APPS_by_NOUS_2025.png\",\"contentUrl\":\"https:\\\/\\\/devapps.avecnous.eu\\\/wp-content\\\/uploads\\\/sites\\\/26\\\/2025\\\/07\\\/Logo_APPS_by_NOUS_2025.png\",\"width\":500,\"height\":112,\"caption\":\"Apps by N.O.U.S.\"},\"image\":{\"@id\":\"https:\\\/\\\/devapps.avecnous.eu\\\/#\\\/schema\\\/logo\\\/image\\\/\"}}]}<\/script>\n<!-- \/ Yoast SEO plugin. -->","yoast_head_json":{"title":"[bient\u00f4t] CiviCRM NPAI | Apps NOUS","robots":{"index":"noindex","follow":"follow","max-snippet":"max-snippet:-1","max-image-preview":"max-image-preview:large","max-video-preview":"max-video-preview:-1"},"og_locale":"en_GB","og_type":"article","og_title":"[bient\u00f4t] CiviCRM NPAI | Apps NOUS","og_description":"BIENT\u00d4T DISPONIBLE Gestion fine des adresses en erreur dans CiviCRM. Gestion de niveaux d&rsquo;erreur, remise \u00e0 z\u00e9ro g\u00e9n\u00e9ration de codes barre sur les adresses","og_url":"https:\/\/devapps.avecnous.eu\/en\/boutique\/connecteurs-wordpress-woocommerce\/civicrm-npai\/","og_site_name":"Preprod Apps","article_modified_time":"2025-08-20T08:16:29+00:00","og_image":[{"width":512,"height":512,"url":"https:\/\/devapps.avecnous.eu\/wp-content\/uploads\/sites\/26\/2022\/02\/img-produit-civicrmnpai.png","type":"image\/png"}],"twitter_card":"summary_large_image","twitter_misc":{"Estimated reading time":"1 minute"},"schema":{"@context":"https:\/\/schema.org","@graph":[{"@type":"WebPage","@id":"https:\/\/devapps.avecnous.eu\/boutique\/connecteurs-wordpress-woocommerce\/civicrm-npai\/","url":"https:\/\/devapps.avecnous.eu\/boutique\/connecteurs-wordpress-woocommerce\/civicrm-npai\/","name":"[bient\u00f4t] CiviCRM NPAI | Apps NOUS","isPartOf":{"@id":"https:\/\/devapps.avecnous.eu\/#website"},"primaryImageOfPage":{"@id":"https:\/\/devapps.avecnous.eu\/boutique\/connecteurs-wordpress-woocommerce\/civicrm-npai\/#primaryimage"},"image":{"@id":"https:\/\/devapps.avecnous.eu\/boutique\/connecteurs-wordpress-woocommerce\/civicrm-npai\/#primaryimage"},"thumbnailUrl":"https:\/\/devapps.avecnous.eu\/wp-content\/uploads\/sites\/26\/2022\/02\/img-produit-civicrmnpai.png","datePublished":"2022-02-07T17:45:01+00:00","dateModified":"2025-08-20T08:16:29+00:00","breadcrumb":{"@id":"https:\/\/devapps.avecnous.eu\/boutique\/connecteurs-wordpress-woocommerce\/civicrm-npai\/#breadcrumb"},"inLanguage":"en-GB","potentialAction":[{"@type":"ReadAction","target":["https:\/\/devapps.avecnous.eu\/boutique\/connecteurs-wordpress-woocommerce\/civicrm-npai\/"]}]},{"@type":"ImageObject","inLanguage":"en-GB","@id":"https:\/\/devapps.avecnous.eu\/boutique\/connecteurs-wordpress-woocommerce\/civicrm-npai\/#primaryimage","url":"https:\/\/devapps.avecnous.eu\/wp-content\/uploads\/sites\/26\/2022\/02\/img-produit-civicrmnpai.png","contentUrl":"https:\/\/devapps.avecnous.eu\/wp-content\/uploads\/sites\/26\/2022\/02\/img-produit-civicrmnpai.png","width":512,"height":512,"caption":"Image produit CiviCRM NPAI"},{"@type":"BreadcrumbList","@id":"https:\/\/devapps.avecnous.eu\/boutique\/connecteurs-wordpress-woocommerce\/civicrm-npai\/#breadcrumb","itemListElement":[{"@type":"ListItem","position":1,"name":"Home","item":"https:\/\/devapps.avecnous.eu\/"},{"@type":"ListItem","position":2,"name":"Toutes nos extensions WordPress et WooCommerce","item":"https:\/\/devapps.avecnous.eu\/boutique\/"},{"@type":"ListItem","position":3,"name":"Connecteurs","item":"https:\/\/devapps.avecnous.eu\/categorie-produit\/connecteurs-wordpress-woocommerce\/"},{"@type":"ListItem","position":4,"name":"[bient\u00f4t] CiviCRM NPAI"}]},{"@type":"WebSite","@id":"https:\/\/devapps.avecnous.eu\/#website","url":"https:\/\/devapps.avecnous.eu\/","name":"Apps by N.O.U.S.","description":"NOUS - Open, Useful &amp; Simple develop free and premium plugins for WordPress and Woocommerce with a commitment to delivering high-quality, environmentally friendly code.","publisher":{"@id":"https:\/\/devapps.avecnous.eu\/#organization"},"alternateName":"Apps NOUS","potentialAction":[{"@type":"SearchAction","target":{"@type":"EntryPoint","urlTemplate":"https:\/\/devapps.avecnous.eu\/?s={search_term_string}"},"query-input":{"@type":"PropertyValueSpecification","valueRequired":true,"valueName":"search_term_string"}}],"inLanguage":"en-GB"},{"@type":"Organization","@id":"https:\/\/devapps.avecnous.eu\/#organization","name":"Apps by N.O.U.S.","url":"https:\/\/devapps.avecnous.eu\/","logo":{"@type":"ImageObject","inLanguage":"en-GB","@id":"https:\/\/devapps.avecnous.eu\/#\/schema\/logo\/image\/","url":"https:\/\/devapps.avecnous.eu\/wp-content\/uploads\/sites\/26\/2025\/07\/Logo_APPS_by_NOUS_2025.png","contentUrl":"https:\/\/devapps.avecnous.eu\/wp-content\/uploads\/sites\/26\/2025\/07\/Logo_APPS_by_NOUS_2025.png","width":500,"height":112,"caption":"Apps by N.O.U.S."},"image":{"@id":"https:\/\/devapps.avecnous.eu\/#\/schema\/logo\/image\/"}}]}},"_links":{"self":[{"href":"https:\/\/devapps.avecnous.eu\/en\/wp-json\/wp\/v2\/product\/2480","targetHints":{"allow":["GET"]}}],"collection":[{"href":"https:\/\/devapps.avecnous.eu\/en\/wp-json\/wp\/v2\/product"}],"about":[{"href":"https:\/\/devapps.avecnous.eu\/en\/wp-json\/wp\/v2\/types\/product"}],"replies":[{"embeddable":true,"href":"https:\/\/devapps.avecnous.eu\/en\/wp-json\/wp\/v2\/comments?post=2480"}],"wp:featuredmedia":[{"embeddable":true,"href":"https:\/\/devapps.avecnous.eu\/en\/wp-json\/wp\/v2\/media\/5818"}],"wp:attachment":[{"href":"https:\/\/devapps.avecnous.eu\/en\/wp-json\/wp\/v2\/media?parent=2480"}],"wp:term":[{"taxonomy":"product_brand","embeddable":true,"href":"https:\/\/devapps.avecnous.eu\/en\/wp-json\/wp\/v2\/product_brand?post=2480"},{"taxonomy":"product_cat","embeddable":true,"href":"https:\/\/devapps.avecnous.eu\/en\/wp-json\/wp\/v2\/product_cat?post=2480"},{"taxonomy":"product_tag","embeddable":true,"href":"https:\/\/devapps.avecnous.eu\/en\/wp-json\/wp\/v2\/product_tag?post=2480"},{"taxonomy":"personalizer_persona","embeddable":true,"href":"https:\/\/devapps.avecnous.eu\/en\/wp-json\/wp\/v2\/personalizer_persona?post=2480"}],"curies":[{"name":"wp","href":"https:\/\/api.w.org\/{rel}","templated":true}]}}